{"id":7,"date":"2015-08-16T00:23:24","date_gmt":"2015-08-16T05:23:24","guid":{"rendered":"http:\/\/lightforisrael.org\/?page_id=7"},"modified":"2023-03-07T18:22:01","modified_gmt":"2023-03-07T23:22:01","slug":"digital-scriptorium","status":"publish","type":"page","link":"https:\/\/lightforisrael.org\/index.php\/digital-scriptorium\/","title":{"rendered":"Digital Scriptorium"},"content":{"rendered":"<p>The ancient <a href=\"http:\/\/en.wikipedia.org\/wiki\/Scriptorium\">scriptorium<\/a> (&#8220;place for writing&#8221;) was used to copy and store Bible manuscripts. Our digital scriptorium contains scriptures that are downloadable in <strong>PDF format<\/strong>. \u00a0Most of the non-Hebrew full Bibles contain the books of the Tanakh (Old Testament) in the order of the Jewish Canon.<\/p>\n<p>Note: You will need the <a title=\"Adobe Reader\" href=\"http:\/\/get.adobe.com\/reader\/\" target=\"_blank\" rel=\"noopener\">Adobe Reader<\/a> installed on your computer. Also included here are links to view these Bibles online or to install a free version on your smart device.<\/p>\n<p><strong>Hebrew<\/strong><\/p>\n<ul>\n<li><a href=\"http:\/\/www.sdhs.co.uk\/wp-content\/uploads\/scriptorium\/Hebrew\/Torah.pdf\">T&#8217;nakh: Torah<\/a> <a href=\"http:\/\/en.wikipedia.org\/wiki\/Torah\">| Wikipedia info<\/a><\/li>\n<li><a href=\"http:\/\/www.sdhs.co.uk\/wp-content\/uploads\/scriptorium\/Hebrew\/Neviim.pdf\">T&#8217;nakh: Nevi&#8217;im <\/a><a href=\"http:\/\/en.wikipedia.org\/wiki\/Nevi'im\">| Wikipedia info<\/a><\/li>\n<li><a href=\"http:\/\/www.sdhs.co.uk\/wp-content\/uploads\/scriptorium\/Hebrew\/Ketuvim.pdf\">T&#8217;nakh: K&#8217;tuvim<\/a> <a href=\"http:\/\/en.wikipedia.org\/wiki\/Ketuvim\">| Wikipedia info<\/a><\/li>\n<li><a href=\"http:\/\/www.sdhs.co.uk\/wp-content\/uploads\/scriptorium\/Hebrew\/SGNT2012_ledB.pdf\">Salkinson-Ginsburg New Testament<\/a> <a href=\"http:\/\/www.sdhs.co.uk\/index.php\/online-hebrew-nt\/\">|View Online<\/a> <a href=\"http:\/\/en.wikipedia.org\/wiki\/Bible_translations_into_Hebrew\">| Wikipedia info<\/a><\/li>\n<\/ul>\n<p><strong>Arabic<\/strong><\/p>\n<ul>\n<li><a href=\"http:\/\/www.sdhs.co.uk\/wp-content\/uploads\/scriptorium\/Arabic\/Hebrew-ArabicNT.pdf\">Arabic NT Bible<\/a> <a href=\"http:\/\/en.wikipedia.org\/wiki\/Bible_translations_into_Arabic\">| Wikipedia info<\/a><\/li>\n<\/ul>\n<p><strong>Bulgarian<\/strong><\/p>\n<ul>\n<li><a href=\"http:\/\/www.sdhs.co.uk\/wp-content\/uploads\/scriptorium\/Bulgarian\/Bulgarian.pdf\">Bulgarian Bible<\/a> <a href=\"http:\/\/en.wikipedia.org\/wiki\/Bible_translations_into_Bulgarian\">| Wikipedia info<\/a><\/li>\n<\/ul>\n<p><strong>Dutch<\/strong><\/p>\n<ul>\n<li><a href=\"http:\/\/www.sdhs.co.uk\/wp-content\/uploads\/scriptorium\/Dutch\/nl_Statenvertaling_JC.pdf\">Statenvertaling Bible *<\/a> <a href=\"http:\/\/www.olivetree.com\/store\/product.php?productid=16577\">|iPad\/iPhone download<\/a> <a href=\"http:\/\/en.wikipedia.org\/wiki\/Statenvertaling\">| Wikipedia info<\/a><\/li>\n<\/ul>\n<p><strong>English<\/strong><\/p>\n<ul>\n<li><a href=\"http:\/\/www.sdhs.co.uk\/wp-content\/uploads\/scriptorium\/English\/en_KJV_JC.pdf\">King James Version (AV) *<\/a> <a href=\"http:\/\/www.kingjamesbibleonline.org\">|View Online<\/a> <a href=\"http:\/\/www.olivetree.com\/store\/product.php?productid=16615\">|iPad\/iPhone download<\/a> <a href=\"http:\/\/en.wikipedia.org\/wiki\/Authorized_King_James_Version\">| Wikipedia info<\/a><\/li>\n<\/ul>\n<p><strong>Finnish<\/strong><\/p>\n<ul>\n<li><a href=\"http:\/\/www.sdhs.co.uk\/wp-content\/uploads\/scriptorium\/Finnish\/fi_FinishBible1776_JC.pdf\">Finnish Bible 1776 *<\/a> <a href=\"http:\/\/www.olivetree.com\/store\/product.php?productid=17127\">|iPad\/iPhone download<\/a> <a href=\"http:\/\/en.wikipedia.org\/wiki\/Bible_translations_into_Finnish\">| Wikipedia info<\/a><\/li>\n<\/ul>\n<p><strong>\u00a0French<\/strong><\/p>\n<ul>\n<li><a href=\"http:\/\/www.sdhs.co.uk\/wp-content\/uploads\/scriptorium\/French\/fr_LouisSegond_JC.pdf\">Louis Segond Bible *<\/a> <a href=\"http:\/\/software77.com\/onlinebibles\/french_ls\/\">|View Online<\/a> <a href=\"http:\/\/www.olivetree.com\/store\/product.php?productid=16587\">|iPad\/iPhone download<\/a> <a href=\"http:\/\/en.wikipedia.org\/wiki\/Louis_Segond\">| Wikipedia info<\/a><\/li>\n<\/ul>\n<p><strong>German<\/strong><\/p>\n<ul>\n<li><a href=\"http:\/\/www.sdhs.co.uk\/wp-content\/uploads\/scriptorium\/German\/de_Elberfelder_JC.pdf\">The Elberfelder Bible *<\/a> <a href=\"http:\/\/en.wikipedia.org\/wiki\/Elberfeld\">| Wikipedia info<\/a><\/li>\n<\/ul>\n<p><strong>Greek<\/strong><\/p>\n<ul>\n<li><a href=\"http:\/\/www.sdhs.co.uk\/wp-content\/uploads\/scriptorium\/Greek\/MAJORITY.pdf\">Byzantian Majority Text with morphology<\/a><\/li>\n<li><a href=\"http:\/\/www.sdhs.co.uk\/wp-content\/uploads\/scriptorium\/Greek\/STEPHANU.pdf\">Stephanus 1550 Textus Receptus with morphology<\/a><\/li>\n<\/ul>\n<p><strong>Hungarian<\/strong><\/p>\n<ul>\n<li><a href=\"http:\/\/www.sdhs.co.uk\/wp-content\/uploads\/scriptorium\/Hungarian\/Karoli-1993.pdf\">K\u00e1roli G\u00e1sp\u00e1r Bible<\/a> <a href=\"http:\/\/www.olivetree.com\/store\/download.php?product_id=16605\">|iPad\/iPhone download<\/a> <a href=\"http:\/\/en.wikipedia.org\/wiki\/Vizsoly_Bible\">| Wikipedia info<\/a><\/li>\n<\/ul>\n<p><strong>Portuguese<\/strong><\/p>\n<ul>\n<li><a href=\"http:\/\/www.sdhs.co.uk\/wp-content\/uploads\/scriptorium\/Portuguese\/Almeida.pdf\">Jo\u00e3o Ferreira de Almeida Atualizada Bible<\/a> <a href=\"http:\/\/en.wikipedia.org\/wiki\/Jo\u00e3o_Ferreira_de_Almeida\">| Wikipedia info<\/a><\/li>\n<\/ul>\n<p><strong>Romanian<\/strong><\/p>\n<ul>\n<li><a href=\"http:\/\/www.sdhs.co.uk\/wp-content\/uploads\/scriptorium\/Romanian\/Cornilescu.pdf\">Cornilescu Bible<\/a> <a href=\"http:\/\/www.olivetree.com\/store\/product.php?productid=16655\">|iPad\/iPhone download<\/a> <a href=\"http:\/\/en.wikipedia.org\/wiki\/Bible_translations_into_Romanian\">| Wikipedia info<\/a><\/li>\n<\/ul>\n<p><strong>Russian<\/strong><\/p>\n<ul>\n<li><a href=\"http:\/\/www.sdhs.co.uk\/wp-content\/uploads\/scriptorium\/Russian\/Synodal.pdf\">Russian Synodal Bible 1876, 2nd. ed.<\/a> <a href=\"http:\/\/en.wikipedia.org\/wiki\/Russian_Synodal_Bible\">| Wikipedia info<\/a><\/li>\n<\/ul>\n<p><strong>Spanish<\/strong><\/p>\n<ul>\n<li><a href=\"http:\/\/www.sdhs.co.uk\/wp-content\/uploads\/scriptorium\/Spanish\/es_ReinaValera1909_JC.pdf\">Reina-Valera 1909 *<\/a> <a href=\"http:\/\/en.wikipedia.org\/wiki\/Reina_Valera\">| Wikipedia info<\/a><\/li>\n<\/ul>\n<p><strong>Swedish<\/strong><\/p>\n<ul>\n<li><a href=\"http:\/\/www.sdhs.co.uk\/wp-content\/uploads\/scriptorium\/Swedish\/sv_SwedishBible1917_JC.pdf\">Swedish Bible 1917 *<\/a> <a href=\"http:\/\/en.wikipedia.org\/wiki\/Bible_translations_into_Swedish\">| Wikipedia info<\/a><\/li>\n<\/ul>\n<p><strong>Ukrainian<\/strong><\/p>\n<ul>\n<li><a href=\"http:\/\/www.sdhs.co.uk\/wp-content\/uploads\/scriptorium\/Ukrainian\/Ukrainian.pdf\">Ukrainian New Testament<\/a> <a href=\"http:\/\/en.wikipedia.org\/wiki\/Bible_translations_into_Ukrainian\">| Wikipedia info<\/a><\/li>\n<\/ul>\n<p><strong>Yiddish<\/strong><\/p>\n<ul>\n<li><a href=\"http:\/\/www.sdhs.co.uk\/wp-content\/uploads\/scriptorium\/Yiddish\/YiddishNT.pdf\">Yiddish New Testament<\/a> <a href=\"http:\/\/en.wikipedia.org\/wiki\/Bible_translations_into_Yiddish\">| Wikipedia info<\/a><\/li>\n<li><a href=\"http:\/\/www.sdhs.co.uk\/wp-content\/uploads\/scriptorium\/Yiddish\/yi_tanakh.pdf\">Yiddish Tanakh<\/a> <a href=\"http:\/\/en.wikipedia.org\/wiki\/Bible_translations_into_Yiddish\">| Wikipedia info<\/a><\/li>\n<\/ul>\n<p>&nbsp;<\/p>\n","protected":false},"excerpt":{"rendered":"<p>The ancient scriptorium (&#8220;place for writing&#8221;) was used to copy and store Bible manuscripts. Our digital scriptorium contains scriptures that are downloadable in PDF format. \u00a0Most of the non-Hebrew full Bibles contain the books of the Tanakh (Old Testament) in the order of the Jewish Canon. Note: You will need the Adobe Reader installed on<a href=\"https:\/\/lightforisrael.org\/index.php\/digital-scriptorium\/\">[&#8230;]<\/a><\/p>\n","protected":false},"author":1,"featured_media":0,"parent":0,"menu_order":0,"comment_status":"closed","ping_status":"closed","template":"template-fullwidth.php","meta":{"footnotes":""},"class_list":["post-7","page","type-page","status-publish","hentry"],"jetpack_sharing_enabled":true,"_links":{"self":[{"href":"https:\/\/lightforisrael.org\/index.php\/wp-json\/wp\/v2\/pages\/7","targetHints":{"allow":["GET"]}}],"collection":[{"href":"https:\/\/lightforisrael.org\/index.php\/wp-json\/wp\/v2\/pages"}],"about":[{"href":"https:\/\/lightforisrael.org\/index.php\/wp-json\/wp\/v2\/types\/page"}],"author":[{"embeddable":true,"href":"https:\/\/lightforisrael.org\/index.php\/wp-json\/wp\/v2\/users\/1"}],"replies":[{"embeddable":true,"href":"https:\/\/lightforisrael.org\/index.php\/wp-json\/wp\/v2\/comments?post=7"}],"version-history":[{"count":5,"href":"https:\/\/lightforisrael.org\/index.php\/wp-json\/wp\/v2\/pages\/7\/revisions"}],"predecessor-version":[{"id":733,"href":"https:\/\/lightforisrael.org\/index.php\/wp-json\/wp\/v2\/pages\/7\/revisions\/733"}],"wp:attachment":[{"href":"https:\/\/lightforisrael.org\/index.php\/wp-json\/wp\/v2\/media?parent=7"}],"curies":[{"name":"wp","href":"https:\/\/api.w.org\/{rel}","templated":true}]}}